{"id":93,"date":"2021-02-23T20:29:35","date_gmt":"2021-02-23T19:29:35","guid":{"rendered":"https:\/\/www.aesbet.com\/?page_id=93"},"modified":"2026-04-18T21:47:14","modified_gmt":"2026-04-18T19:47:14","slug":"bureau-detudes-technique","status":"publish","type":"page","link":"https:\/\/www.aesbet.com\/en\/bureau-detudes-technique\/","title":{"rendered":"Technical &amp; Engineering department"},"content":{"rendered":"<div data-elementor-type=\"wp-page\" data-elementor-id=\"93\" class=\"elementor elementor-93\">\n\t\t\t\t\t\t<section class=\"elementor-section elementor-top-section elementor-element elementor-element-88c499d elementor-section-boxed elementor-section-height-default elementor-section-height-default\" data-id=\"88c499d\" data-element_type=\"section\" data-e-type=\"section\">\n\t\t\t\t\t\t<div class=\"elementor-container elementor-column-gap-default\">\n\t\t\t\t\t<div class=\"elementor-column elementor-col-100 elementor-top-column elementor-element elementor-element-883a95c\" data-id=\"883a95c\" data-element_type=\"column\" data-e-type=\"column\" data-settings=\"{&quot;background_background&quot;:&quot;classic&quot;}\">\n\t\t\t<div class=\"elementor-widget-wrap elementor-element-populated\">\n\t\t\t\t\t\t<div class=\"elementor-element elementor-element-a8f3535 elementor-widget elementor-widget-spacer\" data-id=\"a8f3535\" data-element_type=\"widget\" data-e-type=\"widget\" data-widget_type=\"spacer.default\">\n\t\t\t\t<div class=\"elementor-widget-container\">\n\t\t\t\t\t\t\t<div class=\"elementor-spacer\">\n\t\t\t<div class=\"elementor-spacer-inner\"><\/div>\n\t\t<\/div>\n\t\t\t\t\t\t<\/div>\n\t\t\t\t<\/div>\n\t\t\t\t\t<\/div>\n\t\t<\/div>\n\t\t\t\t\t<\/div>\n\t\t<\/section>\n\t\t\t\t<section class=\"elementor-section elementor-top-section elementor-element elementor-element-dbc0bc2 elementor-section-boxed elementor-section-height-default elementor-section-height-default elementor-invisible\" data-id=\"dbc0bc2\" data-element_type=\"section\" data-e-type=\"section\" data-settings=\"{&quot;animation&quot;:&quot;fadeIn&quot;}\">\n\t\t\t\t\t\t<div class=\"elementor-container elementor-column-gap-default\">\n\t\t\t\t\t<div class=\"elementor-column elementor-col-100 elementor-top-column elementor-element elementor-element-b8a0a12\" data-id=\"b8a0a12\" data-element_type=\"column\" data-e-type=\"column\">\n\t\t\t<div class=\"elementor-widget-wrap elementor-element-populated\">\n\t\t\t\t\t\t<div class=\"elementor-element elementor-element-0a4276d elementor-widget elementor-widget-heading\" data-id=\"0a4276d\" data-element_type=\"widget\" data-e-type=\"widget\" data-widget_type=\"heading.default\">\n\t\t\t\t<div class=\"elementor-widget-container\">\n\t\t\t\t\t<h1 class=\"elementor-heading-title elementor-size-default\">NG &amp; DESIGN OFFICE<\/h1>\t\t\t\t<\/div>\n\t\t\t\t<\/div>\n\t\t\t\t<div class=\"elementor-element elementor-element-767fb98 elementor-widget-divider--view-line elementor-widget elementor-widget-divider\" data-id=\"767fb98\" data-element_type=\"widget\" data-e-type=\"widget\" data-widget_type=\"divider.default\">\n\t\t\t\t<div class=\"elementor-widget-container\">\n\t\t\t\t\t\t\t<div class=\"elementor-divider\">\n\t\t\t<span class=\"elementor-divider-separator\">\n\t\t\t\t\t\t<\/span>\n\t\t<\/div>\n\t\t\t\t\t\t<\/div>\n\t\t\t\t<\/div>\n\t\t\t\t\t<\/div>\n\t\t<\/div>\n\t\t\t\t\t<\/div>\n\t\t<\/section>\n\t\t\t\t<section class=\"elementor-section elementor-top-section elementor-element elementor-element-3700dfb elementor-section-boxed elementor-section-height-default elementor-section-height-default elementor-invisible\" data-id=\"3700dfb\" data-element_type=\"section\" data-e-type=\"section\" data-settings=\"{&quot;animation&quot;:&quot;fadeIn&quot;}\">\n\t\t\t\t\t\t<div class=\"elementor-container elementor-column-gap-default\">\n\t\t\t\t\t<div class=\"elementor-column elementor-col-100 elementor-top-column elementor-element elementor-element-0bd32f7\" data-id=\"0bd32f7\" data-element_type=\"column\" data-e-type=\"column\">\n\t\t\t<div class=\"elementor-widget-wrap elementor-element-populated\">\n\t\t\t\t\t\t<div class=\"elementor-element elementor-element-ec33824 elementor-widget elementor-widget-heading\" data-id=\"ec33824\" data-element_type=\"widget\" data-e-type=\"widget\" data-widget_type=\"heading.default\">\n\t\t\t\t<div class=\"elementor-widget-container\">\n\t\t\t\t\t<h1 class=\"elementor-heading-title elementor-size-default\">NOUS VOUS ACCOMPAGNONS DE LA CONCEPTION \u00c0 LA R\u00c9ALISATION de votre projet qu\u2019il soit modeste ou ambitieux<\/h1>\t\t\t\t<\/div>\n\t\t\t\t<\/div>\n\t\t\t\t<div class=\"elementor-element elementor-element-624e6eb elementor-widget elementor-widget-text-editor\" data-id=\"624e6eb\" data-element_type=\"widget\" data-e-type=\"widget\" data-widget_type=\"text-editor.default\">\n\t\t\t\t<div class=\"elementor-widget-container\">\n\t\t\t\t\t\t\t\t\t<p>Specializing in structural engineering and reinforced concrete calculations, AES-BET is involved in construction projects from the design phase to the execution phase. We offer our clients optimal solutions and provide all the formwork and reinforcement plans, as well as the calculation notes necessary for the execution of the works.<br \/>We design all the plans required for the construction of housing developments, offices, shopping centres, hospitals, hotels, living residences and public infrastructure.<br \/>Taking part in upstream construction projects allows us to support companies in estimating the cost of their operation and to offer them solutions to make them more competitive.<\/p>\t\t\t\t\t\t\t\t<\/div>\n\t\t\t\t<\/div>\n\t\t\t\t\t<\/div>\n\t\t<\/div>\n\t\t\t\t\t<\/div>\n\t\t<\/section>\n\t\t\t\t<section class=\"elementor-section elementor-top-section elementor-element elementor-element-be67233 elementor-section-boxed elementor-section-height-default elementor-section-height-default\" data-id=\"be67233\" data-element_type=\"section\" data-e-type=\"section\">\n\t\t\t\t\t\t<div class=\"elementor-container elementor-column-gap-default\">\n\t\t\t\t\t<div class=\"elementor-column elementor-col-100 elementor-top-column elementor-element elementor-element-67fe712\" data-id=\"67fe712\" data-element_type=\"column\" data-e-type=\"column\">\n\t\t\t<div class=\"elementor-widget-wrap elementor-element-populated\">\n\t\t\t\t\t\t<div class=\"elementor-element elementor-element-2d6e9b0 elementor-widget elementor-widget-heading\" data-id=\"2d6e9b0\" data-element_type=\"widget\" data-e-type=\"widget\" data-widget_type=\"heading.default\">\n\t\t\t\t<div class=\"elementor-widget-container\">\n\t\t\t\t\t<h2 class=\"elementor-heading-title elementor-size-default\">Our expertise <\/h2>\t\t\t\t<\/div>\n\t\t\t\t<\/div>\n\t\t\t\t<div class=\"elementor-element elementor-element-8f426f8 elementor-widget elementor-widget-text-editor\" data-id=\"8f426f8\" data-element_type=\"widget\" data-e-type=\"widget\" data-widget_type=\"text-editor.default\">\n\t\t\t\t<div class=\"elementor-widget-container\">\n\t\t\t\t\t\t\t\t\t<ul><li>Preliminary Studies<\/li><li>Regulatory Compliance:<ul><li>Construction<\/li><li><span dir=\"auto\" style=\"vertical-align: inherit;\"><span dir=\"auto\" style=\"vertical-align: inherit;\">DTU<\/span><\/span><\/li><li>Accessibility<\/li><\/ul><\/li><li>Structural designs<\/li><li>Nature \/ Dimensions of reinforcements<\/li><li>Implementation Plans:<ul><li>Formwork<\/li><li>Reinforced concrete structures<\/li><\/ul><\/li><li>Calculation note<\/li><li>Methodology<\/li><li>Budget optimization<\/li><\/ul>\t\t\t\t\t\t\t\t<\/div>\n\t\t\t\t<\/div>\n\t\t\t\t\t<\/div>\n\t\t<\/div>\n\t\t\t\t\t<\/div>\n\t\t<\/section>\n\t\t\t\t<section class=\"elementor-section elementor-top-section elementor-element elementor-element-05b32da elementor-section-boxed elementor-section-height-default elementor-section-height-default\" data-id=\"05b32da\" data-element_type=\"section\" data-e-type=\"section\">\n\t\t\t\t\t\t<div class=\"elementor-container elementor-column-gap-default\">\n\t\t\t\t\t<div class=\"elementor-column elementor-col-100 elementor-top-column elementor-element elementor-element-1655bb6\" data-id=\"1655bb6\" data-element_type=\"column\" data-e-type=\"column\">\n\t\t\t<div class=\"elementor-widget-wrap elementor-element-populated\">\n\t\t\t\t\t\t<div class=\"elementor-element elementor-element-ea105a6 elementor-widget elementor-widget-heading\" data-id=\"ea105a6\" data-element_type=\"widget\" data-e-type=\"widget\" data-widget_type=\"heading.default\">\n\t\t\t\t<div class=\"elementor-widget-container\">\n\t\t\t\t\t<h2 class=\"elementor-heading-title elementor-size-default\">Our scope of activity<\/h2>\t\t\t\t<\/div>\n\t\t\t\t<\/div>\n\t\t\t\t<div class=\"elementor-element elementor-element-2ccc453 elementor-widget elementor-widget-text-editor\" data-id=\"2ccc453\" data-element_type=\"widget\" data-e-type=\"widget\" data-widget_type=\"text-editor.default\">\n\t\t\t\t<div class=\"elementor-widget-container\">\n\t\t\t\t\t\t\t\t\t<p>We perform the technical survey relating to the structures of a construction project. This work is divided into the following stages:<\/p><p><strong>ESQ :<\/strong> Participation in the choice of constructive principles<\/p><p><strong>APS :<\/strong> Participation in the development of structural principles<\/p><p><strong>APD :<\/strong> Definition and pre-measurement of the main structures<\/p><p><strong>PRO :<\/strong> Identification of sections and stability justification, calculation of vertical loads, plans and sections, technical specification, set of detailed principles.<\/p><p><strong>DCE :<\/strong> Update with the observations of the project manager and building inspector.<\/p><p><strong>ACT :<\/strong> Evaluation of tenders and involvement in the procurement process.<\/p><p><strong>VISA :<\/strong> Approval of the various workshop drawings<\/p><p><strong>DET :<\/strong> Participation in the executive management of the project.<\/p><p><strong>AOR :<\/strong> Participation in the acceptance of the works.<\/p><p><strong>EXE :<\/strong> Production of engineering designs outlining the structural elements of the project for the construction stage. Production of all types of plans, from design to execution.<\/p>\t\t\t\t\t\t\t\t<\/div>\n\t\t\t\t<\/div>\n\t\t\t\t\t<\/div>\n\t\t<\/div>\n\t\t\t\t\t<\/div>\n\t\t<\/section>\n\t\t\t\t<section class=\"elementor-section elementor-top-section elementor-element elementor-element-9f73822 elementor-section-boxed elementor-section-height-default elementor-section-height-default\" data-id=\"9f73822\" data-element_type=\"section\" data-e-type=\"section\">\n\t\t\t\t\t\t<div class=\"elementor-container elementor-column-gap-default\">\n\t\t\t\t\t<div class=\"elementor-column elementor-col-100 elementor-top-column elementor-element elementor-element-b11e2b3\" data-id=\"b11e2b3\" data-element_type=\"column\" data-e-type=\"column\">\n\t\t\t<div class=\"elementor-widget-wrap elementor-element-populated\">\n\t\t\t\t\t\t<div class=\"elementor-element elementor-element-1ba13ee elementor-widget__width-initial elementor-fixed elementor-align-right e-transform elementor-widget elementor-widget-button\" data-id=\"1ba13ee\" data-element_type=\"widget\" data-e-type=\"widget\" data-settings=\"{&quot;_position&quot;:&quot;fixed&quot;,&quot;_transform_rotateZ_effect&quot;:{&quot;unit&quot;:&quot;px&quot;,&quot;size&quot;:90,&quot;sizes&quot;:[]},&quot;_transform_rotateZ_effect_tablet&quot;:{&quot;unit&quot;:&quot;deg&quot;,&quot;size&quot;:&quot;&quot;,&quot;sizes&quot;:[]},&quot;_transform_rotateZ_effect_mobile&quot;:{&quot;unit&quot;:&quot;deg&quot;,&quot;size&quot;:&quot;&quot;,&quot;sizes&quot;:[]}}\" data-widget_type=\"button.default\">\n\t\t\t\t<div class=\"elementor-widget-container\">\n\t\t\t\t\t\t\t\t\t<div class=\"elementor-button-wrapper\">\n\t\t\t\t\t<a class=\"elementor-button elementor-button-link elementor-size-sm elementor-animation-pulse\" href=\"https:\/\/www.aesbet.com\/en\/contact\/\">\n\t\t\t\t\t\t<span class=\"elementor-button-content-wrapper\">\n\t\t\t\t\t\t\t\t\t<span class=\"elementor-button-text\">Contact<\/span>\n\t\t\t\t\t<\/span>\n\t\t\t\t\t<\/a>\n\t\t\t\t<\/div>\n\t\t\t\t\t\t\t\t<\/div>\n\t\t\t\t<\/div>\n\t\t\t\t\t<\/div>\n\t\t<\/div>\n\t\t\t\t\t<\/div>\n\t\t<\/section>\n\t\t\t\t<\/div>","protected":false},"excerpt":{"rendered":"<p>BUREAU D\u2019\u00c9TUDES TECHNIQUE NOUS VOUS ACCOMPAGNONS DE LA CONCEPTION \u00c0 LA R\u00c9ALISATION de votre projet qu\u2019il soit modeste ou ambitieux Sp\u00e9cialis\u00e9 dans le domaine de l\u2019Ing\u00e9nierie des Structures et le calcul b\u00e9ton arm\u00e9, AES- BET inter-vient dans les projets de construction de la phase conception \u00e0 la phase ex\u00e9cution. Nous proposons \u00e0 nos clients des [&hellip;]<\/p>\n","protected":false},"author":1,"featured_media":0,"parent":0,"menu_order":0,"comment_status":"closed","ping_status":"closed","template":"","meta":{"footnotes":""},"class_list":["post-93","page","type-page","status-publish","hentry"],"_links":{"self":[{"href":"https:\/\/www.aesbet.com\/en\/wp-json\/wp\/v2\/pages\/93","targetHints":{"allow":["GET"]}}],"collection":[{"href":"https:\/\/www.aesbet.com\/en\/wp-json\/wp\/v2\/pages"}],"about":[{"href":"https:\/\/www.aesbet.com\/en\/wp-json\/wp\/v2\/types\/page"}],"author":[{"embeddable":true,"href":"https:\/\/www.aesbet.com\/en\/wp-json\/wp\/v2\/users\/1"}],"replies":[{"embeddable":true,"href":"https:\/\/www.aesbet.com\/en\/wp-json\/wp\/v2\/comments?post=93"}],"version-history":[{"count":66,"href":"https:\/\/www.aesbet.com\/en\/wp-json\/wp\/v2\/pages\/93\/revisions"}],"predecessor-version":[{"id":1330,"href":"https:\/\/www.aesbet.com\/en\/wp-json\/wp\/v2\/pages\/93\/revisions\/1330"}],"wp:attachment":[{"href":"https:\/\/www.aesbet.com\/en\/wp-json\/wp\/v2\/media?parent=93"}],"curies":[{"name":"wp","href":"https:\/\/api.w.org\/{rel}","templated":true}]}}