{"id":823,"date":"2021-05-28T11:44:30","date_gmt":"2021-05-28T09:44:30","guid":{"rendered":"https:\/\/www.aesbet.com\/?page_id=823"},"modified":"2021-06-24T12:20:04","modified_gmt":"2021-06-24T10:20:04","slug":"mentions-legales","status":"publish","type":"page","link":"https:\/\/www.aesbet.com\/en\/mentions-legales\/","title":{"rendered":"Legal Notice"},"content":{"rendered":"<div data-elementor-type=\"wp-page\" data-elementor-id=\"823\" class=\"elementor elementor-823\">\n\t\t\t\t\t\t<section class=\"elementor-section elementor-top-section elementor-element elementor-element-485d65f elementor-section-boxed elementor-section-height-default elementor-section-height-default elementor-invisible\" data-id=\"485d65f\" data-element_type=\"section\" data-e-type=\"section\" data-settings=\"{&quot;animation&quot;:&quot;fadeIn&quot;}\">\n\t\t\t\t\t\t<div class=\"elementor-container elementor-column-gap-default\">\n\t\t\t\t\t<div class=\"elementor-column elementor-col-100 elementor-top-column elementor-element elementor-element-2edbc3b\" data-id=\"2edbc3b\" data-element_type=\"column\" data-e-type=\"column\">\n\t\t\t<div class=\"elementor-widget-wrap elementor-element-populated\">\n\t\t\t\t\t\t<div class=\"elementor-element elementor-element-ea2a3f1 elementor-widget elementor-widget-heading\" data-id=\"ea2a3f1\" data-element_type=\"widget\" data-e-type=\"widget\" data-widget_type=\"heading.default\">\n\t\t\t\t<div class=\"elementor-widget-container\">\n\t\t\t\t\t<h1 class=\"elementor-heading-title elementor-size-default\">Legal notice<\/h1>\t\t\t\t<\/div>\n\t\t\t\t<\/div>\n\t\t\t\t<div class=\"elementor-element elementor-element-07c3178 elementor-widget-divider--view-line elementor-widget elementor-widget-divider\" data-id=\"07c3178\" data-element_type=\"widget\" data-e-type=\"widget\" data-widget_type=\"divider.default\">\n\t\t\t\t<div class=\"elementor-widget-container\">\n\t\t\t\t\t\t\t<div class=\"elementor-divider\">\n\t\t\t<span class=\"elementor-divider-separator\">\n\t\t\t\t\t\t<\/span>\n\t\t<\/div>\n\t\t\t\t\t\t<\/div>\n\t\t\t\t<\/div>\n\t\t\t\t\t<\/div>\n\t\t<\/div>\n\t\t\t\t\t<\/div>\n\t\t<\/section>\n\t\t\t\t<section class=\"elementor-section elementor-top-section elementor-element elementor-element-55c0c57 elementor-section-boxed elementor-section-height-default elementor-section-height-default\" data-id=\"55c0c57\" data-element_type=\"section\" data-e-type=\"section\">\n\t\t\t\t\t\t<div class=\"elementor-container elementor-column-gap-default\">\n\t\t\t\t\t<div class=\"elementor-column elementor-col-100 elementor-top-column elementor-element elementor-element-9ab1899\" data-id=\"9ab1899\" data-element_type=\"column\" data-e-type=\"column\">\n\t\t\t<div class=\"elementor-widget-wrap elementor-element-populated\">\n\t\t\t\t\t\t<div class=\"elementor-element elementor-element-bcd66ce elementor-widget elementor-widget-text-editor\" data-id=\"bcd66ce\" data-element_type=\"widget\" data-e-type=\"widget\" data-widget_type=\"text-editor.default\">\n\t\t\t\t<div class=\"elementor-widget-container\">\n\t\t\t\t\t\t\t\t\t<p>This website is owned by AES-BET, a limited company with a capital of \u20ac 3,000.00, registered under the number 45139015700027, at the following address:<\/p>\n<p>Head office : 169 boulevard du Mar\u00e9chal Juin, 78200 Mantes-la-Jolie, France<\/p>\n<p>Phone number : +33 (0)1 34 76 71 80<\/p>\n<p>Email: aes.france@aesbet.com<\/p>\n<p>Contact: Mr Marc LAKIS, managing director<\/p>\n<p>Web hosting and data storage:<a href=\"http:\/\/www.???.fr\">www.???.fr<\/a>Graphic design: Purdey &amp; Peel (Tel. +33 620 044 455)<\/p>\n<p><strong>&nbsp;<\/strong><\/p>\n<p><strong>WEBSITE CONTENTS<\/strong><\/p>\n<p>AES-BET guarantees the essential features of the products. The company will not be responsible for the use and interpretation of the information provided in this website.&nbsp;<\/p>\n<p>AES-BET will not be responsible for any potential viruses or malicious elements that could cause harm to the computer system of the User, following the access, the use of the download of information provided in this website.<\/p>\n<p>AES-BET reserves the right without prior notice to modify its commercial offer. It must be noted that any order placed before any modification will be honoured according to the terms announced when placing the order.<\/p>\n<p><strong>&nbsp;<\/strong><\/p>\n<p><strong>INTELLECTUAL PROPERTY RIGHTS<\/strong><\/p>\n<p>Mr Marc LAKIS owns all the intellectual property rights of the web site pages as well as the graphic and other elements contained in them (for example, forms, photographs, images, texts, forms, etc).<\/p>\n<p>All rights reserved. By virtue of the law, the reproduction, distribution and public communication of all or part of the contents of this website - with or without commercial ends -, is expressly prohibited, unless Mr Ahmad LAKIS has given his approval in writing.<\/p>\n<p>The infringement by the user of these intellectual property rights is done under his sole responsibility, by virtue of the Intellectual and Industrial Property provisions L. 713-2 and L.713-3.<\/p>\n<p>Photos : www.aesbet.com <a href=\"http:\/\/www.aesbet.com\/en\/\">www.aesbet.com<\/a><\/p>\n<p><strong>&nbsp;<\/strong><\/p>\n<p><strong>PRIVACY POLICY AND DATA PROTECTION<\/strong><\/p>\n<p>Our company collects and uses personal data.<\/p>\n<p>By using our website, you accept our privacy policy.<\/p>\n<p>When you visit our website to connect and complete your purchase, we may collect your data.<\/p>\n<p>We guarantee that we only collect the data that is strictly required for the transaction.<\/p>\n<p>The reason why we collect your data is to better manage our business relation, provide optimal services and products, better respond to your needs, provide you with customised support and contact you by email.<\/p>\n<p>The length of time that your data are retained depends on the services chosen. We ensure that your data are completely removed from our systems, as per the rules applicable to the conservation of data once our services are completed.<\/p>\n<p>We are the sole users of the information collected in this website. Your personal data will not be sold, exchanged, transferred or given to any third party, without your consent, except for the necessary information needed to complete a transaction (for example, when shipping an order).<\/p>\n<p>We ensure that all your personal data are protected. We also protect your information off-line. Identifiable personal information is only used by our services for specific purposes (for example, billing or customer relation). The computer equipment and servers used for the storage of identifiable personal data are kept in a safe and secured environment.<\/p>\n<p>The use of cookies is meant to give our regular users a better experience on our website. Cookies are not related to any personal information on our website.<\/p>\n<p>Please note that you have a right to access, modify, delete, oppose and reduce your personal data.<\/p>\n<p>To exert this right, you can send us an email specifying the address to which the reply must be sent, together with a copy of your identity document. Please send your email to : aes.france@aesbet.com. <a href=\"mailto:contact@agilystar.fr\">aes.france@aesbet.com<\/a><\/p>\n<p>You can unsubscribe at any time, should you decide not to receive any emails.<\/p>\n<p><\/p>\n<p><strong>WEB HYPERLINKS TO THIRD WEBSITES<\/strong><\/p>\n<p>This website proposes weblinks to Internet websites edited by third parties. The links are given in good faith and AES-BET cannot be held responsible for any modifications in the contents of these sites. Therefore, AES-BET cannot be held liable for any such web links. They are the sole responsibility of their authors.<\/p>\n<p><strong>&nbsp;<\/strong><\/p>\n<p><strong>APPLICABLE JURISDICTION<\/strong><\/p>\n<p>This website, including the legal notice, is governed by the current French regulations.<\/p>\t\t\t\t\t\t\t\t<\/div>\n\t\t\t\t<\/div>\n\t\t\t\t\t<\/div>\n\t\t<\/div>\n\t\t\t\t\t<\/div>\n\t\t<\/section>\n\t\t\t\t<\/div>","protected":false},"excerpt":{"rendered":"<p>MENTIONS L\u00c9GALES Ce site est la propri\u00e9t\u00e9 de AES-BET, SARL, au capital de 3 000,00 \u20ac, Siret&nbsp;: 45139015700027, dont les coordonn\u00e9es sont&nbsp;: Adresse du si\u00e8ge social&nbsp;: 168 BD du Mar\u00e9chal Juin, 78200 Mantes-la-Jolie T\u00e9l\u00e9phone&nbsp;: +33 (0)1 34 76 71 80 Courrier \u00e9lectronique&nbsp;: aes.france@aesbet.com Le Directeur de la publication du site est Monsieur Ahmad LAKIS, en [&hellip;]<\/p>\n","protected":false},"author":1,"featured_media":0,"parent":0,"menu_order":0,"comment_status":"closed","ping_status":"closed","template":"","meta":{"footnotes":""},"class_list":["post-823","page","type-page","status-publish","hentry"],"_links":{"self":[{"href":"https:\/\/www.aesbet.com\/en\/wp-json\/wp\/v2\/pages\/823","targetHints":{"allow":["GET"]}}],"collection":[{"href":"https:\/\/www.aesbet.com\/en\/wp-json\/wp\/v2\/pages"}],"about":[{"href":"https:\/\/www.aesbet.com\/en\/wp-json\/wp\/v2\/types\/page"}],"author":[{"embeddable":true,"href":"https:\/\/www.aesbet.com\/en\/wp-json\/wp\/v2\/users\/1"}],"replies":[{"embeddable":true,"href":"https:\/\/www.aesbet.com\/en\/wp-json\/wp\/v2\/comments?post=823"}],"version-history":[{"count":0,"href":"https:\/\/www.aesbet.com\/en\/wp-json\/wp\/v2\/pages\/823\/revisions"}],"wp:attachment":[{"href":"https:\/\/www.aesbet.com\/en\/wp-json\/wp\/v2\/media?parent=823"}],"curies":[{"name":"wp","href":"https:\/\/api.w.org\/{rel}","templated":true}]}}