{"id":199,"date":"2021-02-23T22:40:06","date_gmt":"2021-02-23T21:40:06","guid":{"rendered":"https:\/\/www.aesbet.com\/?page_id=199"},"modified":"2026-03-19T22:48:06","modified_gmt":"2026-03-19T21:48:06","slug":"hotel","status":"publish","type":"page","link":"https:\/\/www.aesbet.com\/en\/hotel\/","title":{"rendered":"Hotels"},"content":{"rendered":"<div data-elementor-type=\"wp-page\" data-elementor-id=\"199\" class=\"elementor elementor-199\">\n\t\t\t\t\t\t<section class=\"elementor-section elementor-top-section elementor-element elementor-element-9510e98 elementor-section-boxed elementor-section-height-default elementor-section-height-default\" data-id=\"9510e98\" data-element_type=\"section\" data-e-type=\"section\">\n\t\t\t\t\t\t<div class=\"elementor-container elementor-column-gap-no\">\n\t\t\t\t\t<div class=\"elementor-column elementor-col-50 elementor-top-column elementor-element elementor-element-6324b4c\" data-id=\"6324b4c\" data-element_type=\"column\" data-e-type=\"column\">\n\t\t\t<div class=\"elementor-widget-wrap elementor-element-populated\">\n\t\t\t\t\t\t<div class=\"elementor-element elementor-element-3f89519 elementor-widget elementor-widget-image\" data-id=\"3f89519\" data-element_type=\"widget\" data-e-type=\"widget\" data-widget_type=\"image.default\">\n\t\t\t\t<div class=\"elementor-widget-container\">\n\t\t\t\t\t\t\t\t\t\t\t\t\t\t\t<img fetchpriority=\"high\" decoding=\"async\" width=\"820\" height=\"484\" src=\"https:\/\/www.aesbet.com\/wp-content\/uploads\/2021\/02\/bondou-BUREAUX.jpg\" class=\"attachment-full size-full wp-image-225\" alt=\"\" srcset=\"https:\/\/www.aesbet.com\/wp-content\/uploads\/2021\/02\/bondou-BUREAUX.jpg 820w, https:\/\/www.aesbet.com\/wp-content\/uploads\/2021\/02\/bondou-BUREAUX-300x177.jpg 300w, https:\/\/www.aesbet.com\/wp-content\/uploads\/2021\/02\/bondou-BUREAUX-768x453.jpg 768w\" sizes=\"(max-width: 820px) 100vw, 820px\" \/>\t\t\t\t\t\t\t\t\t\t\t\t\t\t\t<\/div>\n\t\t\t\t<\/div>\n\t\t\t\t\t<\/div>\n\t\t<\/div>\n\t\t\t\t<div class=\"elementor-column elementor-col-50 elementor-top-column elementor-element elementor-element-9fde918\" data-id=\"9fde918\" data-element_type=\"column\" data-e-type=\"column\" data-settings=\"{&quot;background_background&quot;:&quot;classic&quot;}\">\n\t\t\t<div class=\"elementor-widget-wrap elementor-element-populated\">\n\t\t\t\t\t\t<div class=\"elementor-element elementor-element-2996691 elementor-widget elementor-widget-text-editor\" data-id=\"2996691\" data-element_type=\"widget\" data-e-type=\"widget\" data-widget_type=\"text-editor.default\">\n\t\t\t\t<div class=\"elementor-widget-container\">\n\t\t\t\t\t\t\t\t\t<p>Hotel<br \/>Our achievements<\/p>\t\t\t\t\t\t\t\t<\/div>\n\t\t\t\t<\/div>\n\t\t\t\t\t<\/div>\n\t\t<\/div>\n\t\t\t\t\t<\/div>\n\t\t<\/section>\n\t\t\t\t<section class=\"elementor-section elementor-top-section elementor-element elementor-element-d7b8795 elementor-section-boxed elementor-section-height-default elementor-section-height-default elementor-invisible\" data-id=\"d7b8795\" data-element_type=\"section\" data-e-type=\"section\" data-settings=\"{&quot;animation&quot;:&quot;fadeIn&quot;}\">\n\t\t\t\t\t\t<div class=\"elementor-container elementor-column-gap-default\">\n\t\t\t\t\t<div class=\"elementor-column elementor-col-100 elementor-top-column elementor-element elementor-element-1eeb753\" data-id=\"1eeb753\" data-element_type=\"column\" data-e-type=\"column\">\n\t\t\t<div class=\"elementor-widget-wrap elementor-element-populated\">\n\t\t\t\t\t\t<div class=\"elementor-element elementor-element-6ae2154 elementor-widget elementor-widget-heading\" data-id=\"6ae2154\" data-element_type=\"widget\" data-e-type=\"widget\" data-widget_type=\"heading.default\">\n\t\t\t\t<div class=\"elementor-widget-container\">\n\t\t\t\t\t<h1 class=\"elementor-heading-title elementor-size-default\">Hotel<\/h1>\t\t\t\t<\/div>\n\t\t\t\t<\/div>\n\t\t\t\t<div class=\"elementor-element elementor-element-89aa93f elementor-widget-divider--view-line elementor-widget elementor-widget-divider\" data-id=\"89aa93f\" data-element_type=\"widget\" data-e-type=\"widget\" data-widget_type=\"divider.default\">\n\t\t\t\t<div class=\"elementor-widget-container\">\n\t\t\t\t\t\t\t<div class=\"elementor-divider\">\n\t\t\t<span class=\"elementor-divider-separator\">\n\t\t\t\t\t\t<\/span>\n\t\t<\/div>\n\t\t\t\t\t\t<\/div>\n\t\t\t\t<\/div>\n\t\t\t\t\t<\/div>\n\t\t<\/div>\n\t\t\t\t\t<\/div>\n\t\t<\/section>\n\t\t\t\t<section class=\"elementor-section elementor-top-section elementor-element elementor-element-8bfc2b3 elementor-section-boxed elementor-section-height-default elementor-section-height-default\" data-id=\"8bfc2b3\" data-element_type=\"section\" data-e-type=\"section\">\n\t\t\t\t\t\t<div class=\"elementor-container elementor-column-gap-default\">\n\t\t\t\t\t<div class=\"elementor-column elementor-col-50 elementor-top-column elementor-element elementor-element-6a2563f\" data-id=\"6a2563f\" data-element_type=\"column\" data-e-type=\"column\">\n\t\t\t<div class=\"elementor-widget-wrap elementor-element-populated\">\n\t\t\t\t\t\t<div class=\"elementor-element elementor-element-5f7f13b elementor-arrows-position-inside elementor-widget elementor-widget-image-carousel\" data-id=\"5f7f13b\" data-element_type=\"widget\" data-e-type=\"widget\" data-settings=\"{&quot;slides_to_show&quot;:&quot;1&quot;,&quot;navigation&quot;:&quot;arrows&quot;,&quot;speed&quot;:1000,&quot;autoplay&quot;:&quot;yes&quot;,&quot;pause_on_hover&quot;:&quot;yes&quot;,&quot;pause_on_interaction&quot;:&quot;yes&quot;,&quot;autoplay_speed&quot;:5000,&quot;infinite&quot;:&quot;yes&quot;,&quot;effect&quot;:&quot;slide&quot;}\" data-widget_type=\"image-carousel.default\">\n\t\t\t\t<div class=\"elementor-widget-container\">\n\t\t\t\t\t\t\t<div class=\"elementor-image-carousel-wrapper swiper\" role=\"region\" aria-roledescription=\"carousel\" aria-label=\"Image Carousel\" dir=\"rtl\">\n\t\t\t<div class=\"elementor-image-carousel swiper-wrapper\" aria-live=\"off\">\n\t\t\t\t\t\t\t\t<div class=\"swiper-slide\" role=\"group\" aria-roledescription=\"slide\" aria-label=\"1 sur 1\"><a data-elementor-open-lightbox=\"yes\" data-elementor-lightbox-slideshow=\"5f7f13b\" data-elementor-lightbox-description=\"R\u00e9habilitation d\u2019un b\u00e2timent existant en h\u00f4tel (ancien usage entrep\u00f4t \/ bureaux \/ commerces) avec transformation int\u00e9rieure et adaptations techniques pour reception, chambres, restaurant et salles de r\u00e9union. Surface totale impliqu\u00e9e B\u00e2timent initial ~49 272 m\u00b2 (surface avant transformation) Surface h\u00f4teli\u00e8re estim\u00e9e~6 000\u20137 000 m\u00b2 (estim\u00e9 pour chambres + communs, non offic.) Niveaux exploit\u00e9s\u2248 R+4 (rez + 3 niveaux) + possible sous-sol technique Nombre de \u00ab logements \u00bb\u2248 92 chambres h\u00f4teli\u00e8res\" data-e-action-hash=\"#elementor-action%3Aaction%3Dlightbox%26settings%3DeyJpZCI6ODQzLCJ1cmwiOiJodHRwczpcL1wvd3d3LmFlc2JldC5jb21cL3dwLWNvbnRlbnRcL3VwbG9hZHNcLzIwMjZcLzAzXC9IaWx0b24uanBnIiwic2xpZGVzaG93IjoiNWY3ZjEzYiJ9\"  href=\"https:\/\/www.aesbet.com\/wp-content\/uploads\/2026\/03\/Hilton.jpg\" data-rel=\"lightbox-gallery-0\" data-rl_title=\"\" data-rl_caption=\"R\u00e9habilitation d\u2019un b\u00e2timent existant en h\u00f4tel (ancien usage entrep\u00f4t \/ bureaux \/ commerces) avec transformation int\u00e9rieure et adaptations techniques pour reception, chambres, restaurant et salles de r\u00e9union. Surface totale impliqu\u00e9e B\u00e2timent initial ~49 272 m\u00b2 (surface avant transformation) Surface h\u00f4teli\u00e8re estim\u00e9e~6 000\u20137 000 m\u00b2 (estim\u00e9 pour chambres + communs, non offic.) Niveaux exploit\u00e9s\u2248 R+4 (rez + 3 niveaux) + possible sous-sol technique Nombre de \u00ab logements \u00bb\u2248 92 chambres h\u00f4teli\u00e8res\" title=\"\"><figure class=\"swiper-slide-inner\"><img decoding=\"async\" class=\"swiper-slide-image\" src=\"https:\/\/www.aesbet.com\/wp-content\/uploads\/2026\/03\/Hilton.jpg\" alt=\"\" \/><\/figure><\/a><\/div>\t\t\t<\/div>\n\t\t\t\t\t<\/div>\n\t\t\t\t\t\t<\/div>\n\t\t\t\t<\/div>\n\t\t\t\t<div class=\"elementor-element elementor-element-bb0d937 elementor-widget elementor-widget-heading\" data-id=\"bb0d937\" data-element_type=\"widget\" data-e-type=\"widget\" data-widget_type=\"heading.default\">\n\t\t\t\t<div class=\"elementor-widget-container\">\n\t\t\t\t\t<h2 class=\"elementor-heading-title elementor-size-default\">H\u00f4tel d\u2019Hilton\/27 Qual de la Gironde, 75019 Paris<\/h2>\t\t\t\t<\/div>\n\t\t\t\t<\/div>\n\t\t\t\t\t<\/div>\n\t\t<\/div>\n\t\t\t\t<div class=\"elementor-column elementor-col-50 elementor-top-column elementor-element elementor-element-bf645bc\" data-id=\"bf645bc\" data-element_type=\"column\" data-e-type=\"column\">\n\t\t\t<div class=\"elementor-widget-wrap elementor-element-populated\">\n\t\t\t\t\t\t<div class=\"elementor-element elementor-element-c0cc1fe elementor-arrows-position-inside elementor-widget elementor-widget-image-carousel\" data-id=\"c0cc1fe\" data-element_type=\"widget\" data-e-type=\"widget\" data-settings=\"{&quot;slides_to_show&quot;:&quot;1&quot;,&quot;navigation&quot;:&quot;arrows&quot;,&quot;speed&quot;:1000,&quot;autoplay&quot;:&quot;yes&quot;,&quot;pause_on_hover&quot;:&quot;yes&quot;,&quot;pause_on_interaction&quot;:&quot;yes&quot;,&quot;autoplay_speed&quot;:5000,&quot;infinite&quot;:&quot;yes&quot;,&quot;effect&quot;:&quot;slide&quot;}\" data-widget_type=\"image-carousel.default\">\n\t\t\t\t<div class=\"elementor-widget-container\">\n\t\t\t\t\t\t\t<div class=\"elementor-image-carousel-wrapper swiper\" role=\"region\" aria-roledescription=\"carousel\" aria-label=\"Image Carousel\" dir=\"rtl\">\n\t\t\t<div class=\"elementor-image-carousel swiper-wrapper\" aria-live=\"off\">\n\t\t\t\t\t\t\t\t<div class=\"swiper-slide\" role=\"group\" aria-roledescription=\"slide\" aria-label=\"1 sur 6\"><a data-elementor-open-lightbox=\"yes\" data-elementor-lightbox-slideshow=\"c0cc1fe\" data-elementor-lightbox-description=\"Reconversion d\u2019un ensemble immobilier en hotel de tourisme.Le projet s\u2019inscrit dans un tissu urbain prestigieux et dense, offrant un h\u00e9bergement h\u00f4telier de standing adapt\u00e9 \u00e0 une client\u00e8le touristique et d\u2019affaires. L\u2019intervention vise \u00e0 valoriser le b\u00e2timent par une architecture \u00e9l\u00e9gante et contemporaine, tout en respectant le caract\u00e8re patrimonial du quartier. Surface: 16500 m2\" data-e-action-hash=\"#elementor-action%3Aaction%3Dlightbox%26settings%3DeyJpZCI6NzE3LCJ1cmwiOiJodHRwczpcL1wvd3d3LmFlc2JldC5jb21cL3dwLWNvbnRlbnRcL3VwbG9hZHNcLzIwMjFcLzA1XC9Ib3RlbC0wMi5qcGciLCJzbGlkZXNob3ciOiJjMGNjMWZlIn0%3D\"  href=\"https:\/\/www.aesbet.com\/wp-content\/uploads\/2021\/05\/Hotel-02.jpg\" data-rel=\"lightbox-gallery-0\" data-rl_title=\"\" data-rl_caption=\"Reconversion d\u2019un ensemble immobilier en hotel de tourisme.Le projet s\u2019inscrit dans un tissu urbain prestigieux et dense, offrant un h\u00e9bergement h\u00f4telier de standing adapt\u00e9 \u00e0 une client\u00e8le touristique et d\u2019affaires. L\u2019intervention vise \u00e0 valoriser le b\u00e2timent par une architecture \u00e9l\u00e9gante et contemporaine, tout en respectant le caract\u00e8re patrimonial du quartier. Surface: 16500 m2\" title=\"\"><figure class=\"swiper-slide-inner\"><img decoding=\"async\" class=\"swiper-slide-image\" src=\"https:\/\/www.aesbet.com\/wp-content\/uploads\/2021\/05\/Hotel-02.jpg\" alt=\"\" \/><\/figure><\/a><\/div><div class=\"swiper-slide\" role=\"group\" aria-roledescription=\"slide\" aria-label=\"2 sur 6\"><a data-elementor-open-lightbox=\"yes\" data-elementor-lightbox-slideshow=\"c0cc1fe\" data-elementor-lightbox-description=\"Reconversion d\u2019un ensemble immobilier en hotel de tourisme.Le projet s\u2019inscrit dans un tissu urbain prestigieux et dense, offrant un h\u00e9bergement h\u00f4telier de standing adapt\u00e9 \u00e0 une client\u00e8le touristique et d\u2019affaires. L\u2019intervention vise \u00e0 valoriser le b\u00e2timent par une architecture \u00e9l\u00e9gante et contemporaine, tout en respectant le caract\u00e8re patrimonial du quartier. Surface: 16500 m2\" data-e-action-hash=\"#elementor-action%3Aaction%3Dlightbox%26settings%3DeyJpZCI6NzE2LCJ1cmwiOiJodHRwczpcL1wvd3d3LmFlc2JldC5jb21cL3dwLWNvbnRlbnRcL3VwbG9hZHNcLzIwMjFcLzA1XC9Ib3RlbC0wMy5qcGciLCJzbGlkZXNob3ciOiJjMGNjMWZlIn0%3D\"  href=\"https:\/\/www.aesbet.com\/wp-content\/uploads\/2021\/05\/Hotel-03.jpg\" data-rel=\"lightbox-gallery-0\" data-rl_title=\"\" data-rl_caption=\"Reconversion d\u2019un ensemble immobilier en hotel de tourisme.Le projet s\u2019inscrit dans un tissu urbain prestigieux et dense, offrant un h\u00e9bergement h\u00f4telier de standing adapt\u00e9 \u00e0 une client\u00e8le touristique et d\u2019affaires. L\u2019intervention vise \u00e0 valoriser le b\u00e2timent par une architecture \u00e9l\u00e9gante et contemporaine, tout en respectant le caract\u00e8re patrimonial du quartier. Surface: 16500 m2\" title=\"\"><figure class=\"swiper-slide-inner\"><img decoding=\"async\" class=\"swiper-slide-image\" src=\"https:\/\/www.aesbet.com\/wp-content\/uploads\/2021\/05\/Hotel-03.jpg\" alt=\"\" \/><\/figure><\/a><\/div><div class=\"swiper-slide\" role=\"group\" aria-roledescription=\"slide\" aria-label=\"3 sur 6\"><a data-elementor-open-lightbox=\"yes\" data-elementor-lightbox-slideshow=\"c0cc1fe\" data-elementor-lightbox-description=\"Reconversion d\u2019un ensemble immobilier en hotel de tourisme.Le projet s\u2019inscrit dans un tissu urbain prestigieux et dense, offrant un h\u00e9bergement h\u00f4telier de standing adapt\u00e9 \u00e0 une client\u00e8le touristique et d\u2019affaires. L\u2019intervention vise \u00e0 valoriser le b\u00e2timent par une architecture \u00e9l\u00e9gante et contemporaine, tout en respectant le caract\u00e8re patrimonial du quartier. Surface: 16500 m2\" data-e-action-hash=\"#elementor-action%3Aaction%3Dlightbox%26settings%3DeyJpZCI6NzE1LCJ1cmwiOiJodHRwczpcL1wvd3d3LmFlc2JldC5jb21cL3dwLWNvbnRlbnRcL3VwbG9hZHNcLzIwMjFcLzA1XC9Ib3RlbC0wNC5qcGciLCJzbGlkZXNob3ciOiJjMGNjMWZlIn0%3D\"  href=\"https:\/\/www.aesbet.com\/wp-content\/uploads\/2021\/05\/Hotel-04.jpg\" data-rel=\"lightbox-gallery-0\" data-rl_title=\"\" data-rl_caption=\"Reconversion d\u2019un ensemble immobilier en hotel de tourisme.Le projet s\u2019inscrit dans un tissu urbain prestigieux et dense, offrant un h\u00e9bergement h\u00f4telier de standing adapt\u00e9 \u00e0 une client\u00e8le touristique et d\u2019affaires. L\u2019intervention vise \u00e0 valoriser le b\u00e2timent par une architecture \u00e9l\u00e9gante et contemporaine, tout en respectant le caract\u00e8re patrimonial du quartier. Surface: 16500 m2\" title=\"\"><figure class=\"swiper-slide-inner\"><img decoding=\"async\" class=\"swiper-slide-image\" src=\"https:\/\/www.aesbet.com\/wp-content\/uploads\/2021\/05\/Hotel-04.jpg\" alt=\"\" \/><\/figure><\/a><\/div><div class=\"swiper-slide\" role=\"group\" aria-roledescription=\"slide\" aria-label=\"4 sur 6\"><a data-elementor-open-lightbox=\"yes\" data-elementor-lightbox-slideshow=\"c0cc1fe\" data-elementor-lightbox-description=\"Reconversion d\u2019un ensemble immobilier en hotel de tourisme.Le projet s\u2019inscrit dans un tissu urbain prestigieux et dense, offrant un h\u00e9bergement h\u00f4telier de standing adapt\u00e9 \u00e0 une client\u00e8le touristique et d\u2019affaires. L\u2019intervention vise \u00e0 valoriser le b\u00e2timent par une architecture \u00e9l\u00e9gante et contemporaine, tout en respectant le caract\u00e8re patrimonial du quartier. Surface: 16500 m2\" data-e-action-hash=\"#elementor-action%3Aaction%3Dlightbox%26settings%3DeyJpZCI6NzE0LCJ1cmwiOiJodHRwczpcL1wvd3d3LmFlc2JldC5jb21cL3dwLWNvbnRlbnRcL3VwbG9hZHNcLzIwMjFcLzA1XC9Ib3RlbC0wNS5qcGciLCJzbGlkZXNob3ciOiJjMGNjMWZlIn0%3D\"  href=\"https:\/\/www.aesbet.com\/wp-content\/uploads\/2021\/05\/Hotel-05.jpg\" data-rel=\"lightbox-gallery-0\" data-rl_title=\"\" data-rl_caption=\"Reconversion d\u2019un ensemble immobilier en hotel de tourisme.Le projet s\u2019inscrit dans un tissu urbain prestigieux et dense, offrant un h\u00e9bergement h\u00f4telier de standing adapt\u00e9 \u00e0 une client\u00e8le touristique et d\u2019affaires. L\u2019intervention vise \u00e0 valoriser le b\u00e2timent par une architecture \u00e9l\u00e9gante et contemporaine, tout en respectant le caract\u00e8re patrimonial du quartier. Surface: 16500 m2\" title=\"\"><figure class=\"swiper-slide-inner\"><img decoding=\"async\" class=\"swiper-slide-image\" src=\"https:\/\/www.aesbet.com\/wp-content\/uploads\/2021\/05\/Hotel-05.jpg\" alt=\"\" \/><\/figure><\/a><\/div><div class=\"swiper-slide\" role=\"group\" aria-roledescription=\"slide\" aria-label=\"5 sur 6\"><a data-elementor-open-lightbox=\"yes\" data-elementor-lightbox-slideshow=\"c0cc1fe\" data-elementor-lightbox-description=\"Reconversion d\u2019un ensemble immobilier en hotel de tourisme.Le projet s\u2019inscrit dans un tissu urbain prestigieux et dense, offrant un h\u00e9bergement h\u00f4telier de standing adapt\u00e9 \u00e0 une client\u00e8le touristique et d\u2019affaires. L\u2019intervention vise \u00e0 valoriser le b\u00e2timent par une architecture \u00e9l\u00e9gante et contemporaine, tout en respectant le caract\u00e8re patrimonial du quartier. Surface: 16500 m2\" data-e-action-hash=\"#elementor-action%3Aaction%3Dlightbox%26settings%3DeyJpZCI6NzEzLCJ1cmwiOiJodHRwczpcL1wvd3d3LmFlc2JldC5jb21cL3dwLWNvbnRlbnRcL3VwbG9hZHNcLzIwMjFcLzA1XC9Ib3RlbC0wNi5qcGciLCJzbGlkZXNob3ciOiJjMGNjMWZlIn0%3D\"  href=\"https:\/\/www.aesbet.com\/wp-content\/uploads\/2021\/05\/Hotel-06.jpg\" data-rel=\"lightbox-gallery-0\" data-rl_title=\"\" data-rl_caption=\"Reconversion d\u2019un ensemble immobilier en hotel de tourisme.Le projet s\u2019inscrit dans un tissu urbain prestigieux et dense, offrant un h\u00e9bergement h\u00f4telier de standing adapt\u00e9 \u00e0 une client\u00e8le touristique et d\u2019affaires. L\u2019intervention vise \u00e0 valoriser le b\u00e2timent par une architecture \u00e9l\u00e9gante et contemporaine, tout en respectant le caract\u00e8re patrimonial du quartier. Surface: 16500 m2\" title=\"\"><figure class=\"swiper-slide-inner\"><img decoding=\"async\" class=\"swiper-slide-image\" src=\"https:\/\/www.aesbet.com\/wp-content\/uploads\/2021\/05\/Hotel-06.jpg\" alt=\"\" \/><\/figure><\/a><\/div><div class=\"swiper-slide\" role=\"group\" aria-roledescription=\"slide\" aria-label=\"6 sur 6\"><a data-elementor-open-lightbox=\"yes\" data-elementor-lightbox-slideshow=\"c0cc1fe\" data-elementor-lightbox-description=\"Reconversion d\u2019un ensemble immobilier en hotel de tourisme.Le projet s\u2019inscrit dans un tissu urbain prestigieux et dense, offrant un h\u00e9bergement h\u00f4telier de standing adapt\u00e9 \u00e0 une client\u00e8le touristique et d\u2019affaires. L\u2019intervention vise \u00e0 valoriser le b\u00e2timent par une architecture \u00e9l\u00e9gante et contemporaine, tout en respectant le caract\u00e8re patrimonial du quartier. Surface: 16500 m2\" data-e-action-hash=\"#elementor-action%3Aaction%3Dlightbox%26settings%3DeyJpZCI6NzEyLCJ1cmwiOiJodHRwczpcL1wvd3d3LmFlc2JldC5jb21cL3dwLWNvbnRlbnRcL3VwbG9hZHNcLzIwMjFcLzA1XC9Ib3RlbC0wMS5qcGciLCJzbGlkZXNob3ciOiJjMGNjMWZlIn0%3D\"  href=\"https:\/\/www.aesbet.com\/wp-content\/uploads\/2021\/05\/Hotel-01.jpg\" data-rel=\"lightbox-gallery-0\" data-rl_title=\"\" data-rl_caption=\"Reconversion d\u2019un ensemble immobilier en hotel de tourisme.Le projet s\u2019inscrit dans un tissu urbain prestigieux et dense, offrant un h\u00e9bergement h\u00f4telier de standing adapt\u00e9 \u00e0 une client\u00e8le touristique et d\u2019affaires. L\u2019intervention vise \u00e0 valoriser le b\u00e2timent par une architecture \u00e9l\u00e9gante et contemporaine, tout en respectant le caract\u00e8re patrimonial du quartier. Surface: 16500 m2\" title=\"\"><figure class=\"swiper-slide-inner\"><img decoding=\"async\" class=\"swiper-slide-image\" src=\"https:\/\/www.aesbet.com\/wp-content\/uploads\/2021\/05\/Hotel-01.jpg\" alt=\"\" \/><\/figure><\/a><\/div>\t\t\t<\/div>\n\t\t\t\t\t\t\t\t\t\t\t\t<div class=\"elementor-swiper-button elementor-swiper-button-prev\" role=\"button\" tabindex=\"0\">\n\t\t\t\t\t\t<i aria-hidden=\"true\" class=\"eicon-chevron-left\"><\/i>\t\t\t\t\t<\/div>\n\t\t\t\t\t<div class=\"elementor-swiper-button elementor-swiper-button-next\" role=\"button\" tabindex=\"0\">\n\t\t\t\t\t\t<i aria-hidden=\"true\" class=\"eicon-chevron-right\"><\/i>\t\t\t\t\t<\/div>\n\t\t\t\t\n\t\t\t\t\t\t\t\t\t<\/div>\n\t\t\t\t\t\t<\/div>\n\t\t\t\t<\/div>\n\t\t\t\t<div class=\"elementor-element elementor-element-9d7577c elementor-widget elementor-widget-heading\" data-id=\"9d7577c\" data-element_type=\"widget\" data-e-type=\"widget\" data-widget_type=\"heading.default\">\n\t\t\t\t<div class=\"elementor-widget-container\">\n\t\t\t\t\t<h2 class=\"elementor-heading-title elementor-size-default\">EYLAU Hotel de tourisme\u2013 16 Avenue d\u2019Eylau-75016 Paris<\/h2>\t\t\t\t<\/div>\n\t\t\t\t<\/div>\n\t\t\t\t\t<\/div>\n\t\t<\/div>\n\t\t\t\t\t<\/div>\n\t\t<\/section>\n\t\t\t\t<section class=\"elementor-section elementor-top-section elementor-element elementor-element-af1bdbc elementor-section-boxed elementor-section-height-default elementor-section-height-default\" data-id=\"af1bdbc\" data-element_type=\"section\" data-e-type=\"section\">\n\t\t\t\t\t\t<div class=\"elementor-container elementor-column-gap-default\">\n\t\t\t\t\t<div class=\"elementor-column elementor-col-100 elementor-top-column elementor-element elementor-element-0527fff\" data-id=\"0527fff\" data-element_type=\"column\" data-e-type=\"column\">\n\t\t\t<div class=\"elementor-widget-wrap elementor-element-populated\">\n\t\t\t\t\t\t<div class=\"elementor-element elementor-element-52b9eaa elementor-widget__width-initial elementor-fixed elementor-align-right e-transform elementor-widget elementor-widget-button\" data-id=\"52b9eaa\" data-element_type=\"widget\" data-e-type=\"widget\" data-settings=\"{&quot;_position&quot;:&quot;fixed&quot;,&quot;_transform_rotateZ_effect&quot;:{&quot;unit&quot;:&quot;px&quot;,&quot;size&quot;:90,&quot;sizes&quot;:[]},&quot;_transform_rotateZ_effect_tablet&quot;:{&quot;unit&quot;:&quot;deg&quot;,&quot;size&quot;:&quot;&quot;,&quot;sizes&quot;:[]},&quot;_transform_rotateZ_effect_mobile&quot;:{&quot;unit&quot;:&quot;deg&quot;,&quot;size&quot;:&quot;&quot;,&quot;sizes&quot;:[]}}\" data-widget_type=\"button.default\">\n\t\t\t\t<div class=\"elementor-widget-container\">\n\t\t\t\t\t\t\t\t\t<div class=\"elementor-button-wrapper\">\n\t\t\t\t\t<a class=\"elementor-button elementor-button-link elementor-size-sm elementor-animation-pulse\" href=\"https:\/\/www.aesbet.com\/en\/contact\/\">\n\t\t\t\t\t\t<span class=\"elementor-button-content-wrapper\">\n\t\t\t\t\t\t\t\t\t<span class=\"elementor-button-text\">Contact<\/span>\n\t\t\t\t\t<\/span>\n\t\t\t\t\t<\/a>\n\t\t\t\t<\/div>\n\t\t\t\t\t\t\t\t<\/div>\n\t\t\t\t<\/div>\n\t\t\t\t\t<\/div>\n\t\t<\/div>\n\t\t\t\t\t<\/div>\n\t\t<\/section>\n\t\t\t\t<\/div>","protected":false},"excerpt":{"rendered":"<p>H\u00f4telNos r\u00e9alisations H\u00f4tel H\u00f4tel d\u2019Hilton\/27 Qual de la Gironde, 75019 Paris EYLAU Hotel de tourisme\u2013 16 Avenue d\u2019Eylau-75016 Paris Contact<\/p>","protected":false},"author":1,"featured_media":0,"parent":0,"menu_order":0,"comment_status":"closed","ping_status":"closed","template":"","meta":{"footnotes":""},"class_list":["post-199","page","type-page","status-publish","hentry"],"_links":{"self":[{"href":"https:\/\/www.aesbet.com\/en\/wp-json\/wp\/v2\/pages\/199","targetHints":{"allow":["GET"]}}],"collection":[{"href":"https:\/\/www.aesbet.com\/en\/wp-json\/wp\/v2\/pages"}],"about":[{"href":"https:\/\/www.aesbet.com\/en\/wp-json\/wp\/v2\/types\/page"}],"author":[{"embeddable":true,"href":"https:\/\/www.aesbet.com\/en\/wp-json\/wp\/v2\/users\/1"}],"replies":[{"embeddable":true,"href":"https:\/\/www.aesbet.com\/en\/wp-json\/wp\/v2\/comments?post=199"}],"version-history":[{"count":21,"href":"https:\/\/www.aesbet.com\/en\/wp-json\/wp\/v2\/pages\/199\/revisions"}],"predecessor-version":[{"id":1290,"href":"https:\/\/www.aesbet.com\/en\/wp-json\/wp\/v2\/pages\/199\/revisions\/1290"}],"wp:attachment":[{"href":"https:\/\/www.aesbet.com\/en\/wp-json\/wp\/v2\/media?parent=199"}],"curies":[{"name":"wp","href":"https:\/\/api.w.org\/{rel}","templated":true}]}}