{"id":195,"date":"2021-02-23T22:39:43","date_gmt":"2021-02-23T21:39:43","guid":{"rendered":"https:\/\/www.aesbet.com\/?page_id=195"},"modified":"2026-03-25T23:56:12","modified_gmt":"2026-03-25T22:56:12","slug":"batiments-de-sante","status":"publish","type":"page","link":"http:\/\/www.aesbet.com\/en\/batiments-de-sante\/","title":{"rendered":"Healthcare buildings"},"content":{"rendered":"<div data-elementor-type=\"wp-page\" data-elementor-id=\"195\" class=\"elementor elementor-195\">\n\t\t\t\t\t\t<section class=\"elementor-section elementor-top-section elementor-element elementor-element-7da4d96 elementor-section-boxed elementor-section-height-default elementor-section-height-default\" data-id=\"7da4d96\" data-element_type=\"section\" data-e-type=\"section\">\n\t\t\t\t\t\t<div class=\"elementor-container elementor-column-gap-no\">\n\t\t\t\t\t<div class=\"elementor-column elementor-col-50 elementor-top-column elementor-element elementor-element-c088ed4\" data-id=\"c088ed4\" data-element_type=\"column\" data-e-type=\"column\">\n\t\t\t<div class=\"elementor-widget-wrap elementor-element-populated\">\n\t\t\t\t\t\t<div class=\"elementor-element elementor-element-10152b5 elementor-widget elementor-widget-image\" data-id=\"10152b5\" data-element_type=\"widget\" data-e-type=\"widget\" data-widget_type=\"image.default\">\n\t\t\t\t<div class=\"elementor-widget-container\">\n\t\t\t\t\t\t\t\t\t\t\t\t\t\t\t<img fetchpriority=\"high\" decoding=\"async\" width=\"820\" height=\"484\" src=\"https:\/\/www.aesbet.com\/wp-content\/uploads\/2021\/02\/bondou-batiments\u00e8-sant\u00e9-01.jpg\" class=\"attachment-full size-full wp-image-320\" alt=\"\" srcset=\"https:\/\/www.aesbet.com\/wp-content\/uploads\/2021\/02\/bondou-batiments\u00e8-sant\u00e9-01.jpg 820w, https:\/\/www.aesbet.com\/wp-content\/uploads\/2021\/02\/bondou-batiments\u00e8-sant\u00e9-01-300x177.jpg 300w, https:\/\/www.aesbet.com\/wp-content\/uploads\/2021\/02\/bondou-batiments\u00e8-sant\u00e9-01-768x453.jpg 768w\" sizes=\"(max-width: 820px) 100vw, 820px\" \/>\t\t\t\t\t\t\t\t\t\t\t\t\t\t\t<\/div>\n\t\t\t\t<\/div>\n\t\t\t\t\t<\/div>\n\t\t<\/div>\n\t\t\t\t<div class=\"elementor-column elementor-col-50 elementor-top-column elementor-element elementor-element-24e6b5e\" data-id=\"24e6b5e\" data-element_type=\"column\" data-e-type=\"column\" data-settings=\"{&quot;background_background&quot;:&quot;classic&quot;}\">\n\t\t\t<div class=\"elementor-widget-wrap elementor-element-populated\">\n\t\t\t\t\t\t<div class=\"elementor-element elementor-element-7278b88 elementor-widget elementor-widget-text-editor\" data-id=\"7278b88\" data-element_type=\"widget\" data-e-type=\"widget\" data-widget_type=\"text-editor.default\">\n\t\t\t\t<div class=\"elementor-widget-container\">\n\t\t\t\t\t\t\t\t\t<p>B\u00e2timents De Sant\u00e9<\/p><p>Our achievements\u00a0<\/p>\t\t\t\t\t\t\t\t<\/div>\n\t\t\t\t<\/div>\n\t\t\t\t\t<\/div>\n\t\t<\/div>\n\t\t\t\t\t<\/div>\n\t\t<\/section>\n\t\t\t\t<section class=\"elementor-section elementor-top-section elementor-element elementor-element-c14db28 elementor-section-boxed elementor-section-height-default elementor-section-height-default elementor-invisible\" data-id=\"c14db28\" data-element_type=\"section\" data-e-type=\"section\" data-settings=\"{&quot;animation&quot;:&quot;fadeIn&quot;}\">\n\t\t\t\t\t\t<div class=\"elementor-container elementor-column-gap-default\">\n\t\t\t\t\t<div class=\"elementor-column elementor-col-100 elementor-top-column elementor-element elementor-element-a2e6bf2\" data-id=\"a2e6bf2\" data-element_type=\"column\" data-e-type=\"column\">\n\t\t\t<div class=\"elementor-widget-wrap elementor-element-populated\">\n\t\t\t\t\t\t<div class=\"elementor-element elementor-element-24fa228 elementor-widget elementor-widget-heading\" data-id=\"24fa228\" data-element_type=\"widget\" data-e-type=\"widget\" data-widget_type=\"heading.default\">\n\t\t\t\t<div class=\"elementor-widget-container\">\n\t\t\t\t\t<h1 class=\"elementor-heading-title elementor-size-default\">Healthcare buildings<\/h1>\t\t\t\t<\/div>\n\t\t\t\t<\/div>\n\t\t\t\t<div class=\"elementor-element elementor-element-790221f elementor-widget-divider--view-line elementor-widget elementor-widget-divider\" data-id=\"790221f\" data-element_type=\"widget\" data-e-type=\"widget\" data-widget_type=\"divider.default\">\n\t\t\t\t<div class=\"elementor-widget-container\">\n\t\t\t\t\t\t\t<div class=\"elementor-divider\">\n\t\t\t<span class=\"elementor-divider-separator\">\n\t\t\t\t\t\t<\/span>\n\t\t<\/div>\n\t\t\t\t\t\t<\/div>\n\t\t\t\t<\/div>\n\t\t\t\t\t<\/div>\n\t\t<\/div>\n\t\t\t\t\t<\/div>\n\t\t<\/section>\n\t\t\t\t<section class=\"elementor-section elementor-top-section elementor-element elementor-element-f460c99 elementor-section-boxed elementor-section-height-default elementor-section-height-default\" data-id=\"f460c99\" data-element_type=\"section\" data-e-type=\"section\">\n\t\t\t\t\t\t<div class=\"elementor-container elementor-column-gap-default\">\n\t\t\t\t\t<div class=\"elementor-column elementor-col-33 elementor-top-column elementor-element elementor-element-f0eb6e4\" data-id=\"f0eb6e4\" data-element_type=\"column\" data-e-type=\"column\">\n\t\t\t<div class=\"elementor-widget-wrap elementor-element-populated\">\n\t\t\t\t\t\t<div class=\"elementor-element elementor-element-a01651f elementor-arrows-position-inside elementor-widget elementor-widget-image-carousel\" data-id=\"a01651f\" data-element_type=\"widget\" data-e-type=\"widget\" data-settings=\"{&quot;slides_to_show&quot;:&quot;1&quot;,&quot;navigation&quot;:&quot;arrows&quot;,&quot;speed&quot;:1000,&quot;autoplay&quot;:&quot;yes&quot;,&quot;pause_on_hover&quot;:&quot;yes&quot;,&quot;pause_on_interaction&quot;:&quot;yes&quot;,&quot;autoplay_speed&quot;:5000,&quot;infinite&quot;:&quot;yes&quot;,&quot;effect&quot;:&quot;slide&quot;}\" data-widget_type=\"image-carousel.default\">\n\t\t\t\t<div class=\"elementor-widget-container\">\n\t\t\t\t\t\t\t<div class=\"elementor-image-carousel-wrapper swiper\" role=\"region\" aria-roledescription=\"carousel\" aria-label=\"Image Carousel\" dir=\"rtl\">\n\t\t\t<div class=\"elementor-image-carousel swiper-wrapper\" aria-live=\"off\">\n\t\t\t\t\t\t\t\t<div class=\"swiper-slide\" role=\"group\" aria-roledescription=\"slide\" aria-label=\"1 sur 2\"><a data-elementor-open-lightbox=\"yes\" data-elementor-lightbox-slideshow=\"a01651f\" data-elementor-lightbox-description=\"Le projet consiste en la construction du Nouvel H\u00f4pital de Meaux \u2013 site de Saint Faron, d\u2019une surface totale de 45\u202f000\u202fm\u00b2, regroupant blocs op\u00e9ratoires, consultations, chambres et espaces administratifs. Le b\u00e2timent principal comprend cinq niveaux (vide sanitaire, RDC, R+1, R+2 et R+3), tandis que le b\u00e2timent \u00e9nergie compte 2 niveaux pour les installations techniques. L\u2019ensemble constitue un h\u00f4pital moderne et fonctionnel, int\u00e9grant soins, hospitalisation et services techniques pour l\u2019ensemble du site.Le b\u00e2timent principal comprend cinq niveaux (vide sanitaire, RDC, R+1, R+2 et R+3), tandis que le b\u00e2timent \u00e9nergie compte 2 niveaux pour les installations techniques.L\u2019ensemble constitue un h\u00f4pital moderne et fonctionnel, int\u00e9grant soins, hospitalisation et services techniques pour l\u2019ensemble du site.\" data-e-action-hash=\"#elementor-action%3Aaction%3Dlightbox%26settings%3DeyJpZCI6MTAwNywidXJsIjoiaHR0cHM6XC9cL3d3dy5hZXNiZXQuY29tXC93cC1jb250ZW50XC91cGxvYWRzXC8yMDI2XC8wM1wvSG9wLWRlLU1lYXV4LTItMS5qcGciLCJzbGlkZXNob3ciOiJhMDE2NTFmIn0%3D\"  href=\"https:\/\/www.aesbet.com\/wp-content\/uploads\/2026\/03\/Hop-de-Meaux-2-1.jpg\" data-rel=\"lightbox-gallery-0\" data-rl_title=\"\" data-rl_caption=\"Le projet consiste en la construction du Nouvel H\u00f4pital de Meaux \u2013 site de Saint Faron, d\u2019une surface totale de 45\u202f000\u202fm\u00b2, regroupant blocs op\u00e9ratoires, consultations, chambres et espaces administratifs. Le b\u00e2timent principal comprend cinq niveaux (vide sanitaire, RDC, R+1, R+2 et R+3), tandis que le b\u00e2timent \u00e9nergie compte 2 niveaux pour les installations techniques. L\u2019ensemble constitue un h\u00f4pital moderne et fonctionnel, int\u00e9grant soins, hospitalisation et services techniques pour l\u2019ensemble du site.Le b\u00e2timent principal comprend cinq niveaux (vide sanitaire, RDC, R+1, R+2 et R+3), tandis que le b\u00e2timent \u00e9nergie compte 2 niveaux pour les installations techniques.&lt;br \/&gt;L\u2019ensemble constitue un h\u00f4pital moderne et fonctionnel, int\u00e9grant soins, hospitalisation et services techniques pour l\u2019ensemble du site.\" title=\"\"><figure class=\"swiper-slide-inner\"><img decoding=\"async\" class=\"swiper-slide-image\" src=\"https:\/\/www.aesbet.com\/wp-content\/uploads\/2026\/03\/Hop-de-Meaux-2-1.jpg\" alt=\"\" \/><\/figure><\/a><\/div><div class=\"swiper-slide\" role=\"group\" aria-roledescription=\"slide\" aria-label=\"2 sur 2\"><a data-elementor-open-lightbox=\"yes\" data-elementor-lightbox-slideshow=\"a01651f\" data-elementor-lightbox-description=\"Le projet consiste en la construction du Nouvel H\u00f4pital de Meaux \u2013 site de Saint Faron, d\u2019une surface totale de 45\u202f000\u202fm\u00b2, regroupant blocs op\u00e9ratoires, consultations, chambres et espaces administratifs. Le b\u00e2timent principal comprend cinq niveaux (vide sanitaire, RDC, R+1, R+2 et R+3), tandis que le b\u00e2timent \u00e9nergie compte 2 niveaux pour les installations techniques. L\u2019ensemble constitue un h\u00f4pital moderne et fonctionnel, int\u00e9grant soins, hospitalisation et services techniques pour l\u2019ensemble du site.Le b\u00e2timent principal comprend cinq niveaux (vide sanitaire, RDC, R+1, R+2 et R+3), tandis que le b\u00e2timent \u00e9nergie compte 2 niveaux pour les installations techniques.\" data-e-action-hash=\"#elementor-action%3Aaction%3Dlightbox%26settings%3DeyJpZCI6MTAwOCwidXJsIjoiaHR0cHM6XC9cL3d3dy5hZXNiZXQuY29tXC93cC1jb250ZW50XC91cGxvYWRzXC8yMDI2XC8wM1wvSG9waXRhbC1kZS1NZWF1eC0xLmpwZyIsInNsaWRlc2hvdyI6ImEwMTY1MWYifQ%3D%3D\"  href=\"https:\/\/www.aesbet.com\/wp-content\/uploads\/2026\/03\/Hopital-de-Meaux-1.jpg\" data-rel=\"lightbox-gallery-0\" data-rl_title=\"\" data-rl_caption=\"Le projet consiste en la construction du Nouvel H\u00f4pital de Meaux \u2013 site de Saint Faron, d\u2019une surface totale de 45\u202f000\u202fm\u00b2, regroupant blocs op\u00e9ratoires, consultations, chambres et espaces administratifs. Le b\u00e2timent principal comprend cinq niveaux (vide sanitaire, RDC, R+1, R+2 et R+3), tandis que le b\u00e2timent \u00e9nergie compte 2 niveaux pour les installations techniques. L\u2019ensemble constitue un h\u00f4pital moderne et fonctionnel, int\u00e9grant soins, hospitalisation et services techniques pour l\u2019ensemble du site.Le b\u00e2timent principal comprend cinq niveaux (vide sanitaire, RDC, R+1, R+2 et R+3), tandis que le b\u00e2timent \u00e9nergie compte 2 niveaux pour les installations techniques.\" title=\"\"><figure class=\"swiper-slide-inner\"><img decoding=\"async\" class=\"swiper-slide-image\" src=\"https:\/\/www.aesbet.com\/wp-content\/uploads\/2026\/03\/Hopital-de-Meaux-1.jpg\" alt=\"\" \/><\/figure><\/a><\/div>\t\t\t<\/div>\n\t\t\t\t\t\t\t\t\t\t\t\t<div class=\"elementor-swiper-button elementor-swiper-button-prev\" role=\"button\" tabindex=\"0\">\n\t\t\t\t\t\t<i aria-hidden=\"true\" class=\"eicon-chevron-left\"><\/i>\t\t\t\t\t<\/div>\n\t\t\t\t\t<div class=\"elementor-swiper-button elementor-swiper-button-next\" role=\"button\" tabindex=\"0\">\n\t\t\t\t\t\t<i aria-hidden=\"true\" class=\"eicon-chevron-right\"><\/i>\t\t\t\t\t<\/div>\n\t\t\t\t\n\t\t\t\t\t\t\t\t\t<\/div>\n\t\t\t\t\t\t<\/div>\n\t\t\t\t<\/div>\n\t\t\t\t<div class=\"elementor-element elementor-element-a6f8d20 elementor-widget elementor-widget-heading\" data-id=\"a6f8d20\" data-element_type=\"widget\" data-e-type=\"widget\" data-widget_type=\"heading.default\">\n\t\t\t\t<div class=\"elementor-widget-container\">\n\t\t\t\t\t<h2 class=\"elementor-heading-title elementor-size-default\">Nouvel h\u00f4pital de Meaux<\/h2>\t\t\t\t<\/div>\n\t\t\t\t<\/div>\n\t\t\t\t\t<\/div>\n\t\t<\/div>\n\t\t\t\t<div class=\"elementor-column elementor-col-33 elementor-top-column elementor-element elementor-element-8eba22e\" data-id=\"8eba22e\" data-element_type=\"column\" data-e-type=\"column\">\n\t\t\t<div class=\"elementor-widget-wrap elementor-element-populated\">\n\t\t\t\t\t\t<div class=\"elementor-element elementor-element-6521194 elementor-arrows-position-inside elementor-widget elementor-widget-image-carousel\" data-id=\"6521194\" data-element_type=\"widget\" data-e-type=\"widget\" data-settings=\"{&quot;slides_to_show&quot;:&quot;1&quot;,&quot;navigation&quot;:&quot;arrows&quot;,&quot;speed&quot;:1000,&quot;autoplay&quot;:&quot;yes&quot;,&quot;pause_on_hover&quot;:&quot;yes&quot;,&quot;pause_on_interaction&quot;:&quot;yes&quot;,&quot;autoplay_speed&quot;:5000,&quot;infinite&quot;:&quot;yes&quot;,&quot;effect&quot;:&quot;slide&quot;}\" data-widget_type=\"image-carousel.default\">\n\t\t\t\t<div class=\"elementor-widget-container\">\n\t\t\t\t\t\t\t<div class=\"elementor-image-carousel-wrapper swiper\" role=\"region\" aria-roledescription=\"carousel\" aria-label=\"Image Carousel\" dir=\"rtl\">\n\t\t\t<div class=\"elementor-image-carousel swiper-wrapper\" aria-live=\"off\">\n\t\t\t\t\t\t\t\t<div class=\"swiper-slide\" role=\"group\" aria-roledescription=\"slide\" aria-label=\"1 sur 1\"><a data-elementor-open-lightbox=\"yes\" data-elementor-lightbox-slideshow=\"6521194\" data-elementor-lightbox-description=\"Le projet pr\u00e9voit la construction d\u2019un Centre de Soins M\u00e9dicaux et de R\u00e9adaptation de 10\u202f500\u202fm\u00b2 \u00e0 Montivilliers, comprenant consultations, baln\u00e9oth\u00e9rapie et chambres m\u00e9dicales.\" data-e-action-hash=\"#elementor-action%3Aaction%3Dlightbox%26settings%3DeyJpZCI6MTAxMywidXJsIjoiaHR0cHM6XC9cL3d3dy5hZXNiZXQuY29tXC93cC1jb250ZW50XC91cGxvYWRzXC8yMDI2XC8wM1wvU01SLU1vbnR2aWxsaWVycy0xLmpwZyIsInNsaWRlc2hvdyI6IjY1MjExOTQifQ%3D%3D\"  href=\"https:\/\/www.aesbet.com\/wp-content\/uploads\/2026\/03\/SMR-Montvilliers-1.jpg\" data-rel=\"lightbox-gallery-0\" data-rl_title=\"\" data-rl_caption=\"Le projet pr\u00e9voit la construction d\u2019un Centre de Soins M\u00e9dicaux et de R\u00e9adaptation de 10\u202f500\u202fm\u00b2 \u00e0 Montivilliers, comprenant consultations, baln\u00e9oth\u00e9rapie et chambres m\u00e9dicales.\" title=\"\"><figure class=\"swiper-slide-inner\"><img decoding=\"async\" class=\"swiper-slide-image\" src=\"https:\/\/www.aesbet.com\/wp-content\/uploads\/2026\/03\/SMR-Montvilliers-1.jpg\" alt=\"\" \/><\/figure><\/a><\/div>\t\t\t<\/div>\n\t\t\t\t\t<\/div>\n\t\t\t\t\t\t<\/div>\n\t\t\t\t<\/div>\n\t\t\t\t<div class=\"elementor-element elementor-element-efc6653 elementor-widget elementor-widget-heading\" data-id=\"efc6653\" data-element_type=\"widget\" data-e-type=\"widget\" data-widget_type=\"heading.default\">\n\t\t\t\t<div class=\"elementor-widget-container\">\n\t\t\t\t\t<h2 class=\"elementor-heading-title elementor-size-default\">SMR Montvilliers<\/h2>\t\t\t\t<\/div>\n\t\t\t\t<\/div>\n\t\t\t\t\t<\/div>\n\t\t<\/div>\n\t\t\t\t<div class=\"elementor-column elementor-col-33 elementor-top-column elementor-element elementor-element-7a9c946\" data-id=\"7a9c946\" data-element_type=\"column\" data-e-type=\"column\">\n\t\t\t<div class=\"elementor-widget-wrap elementor-element-populated\">\n\t\t\t\t\t\t<div class=\"elementor-element elementor-element-1b432e6 elementor-arrows-position-inside elementor-widget elementor-widget-image-carousel\" data-id=\"1b432e6\" data-element_type=\"widget\" data-e-type=\"widget\" data-settings=\"{&quot;slides_to_show&quot;:&quot;1&quot;,&quot;navigation&quot;:&quot;arrows&quot;,&quot;speed&quot;:1000,&quot;autoplay&quot;:&quot;yes&quot;,&quot;pause_on_hover&quot;:&quot;yes&quot;,&quot;pause_on_interaction&quot;:&quot;yes&quot;,&quot;autoplay_speed&quot;:5000,&quot;infinite&quot;:&quot;yes&quot;,&quot;effect&quot;:&quot;slide&quot;}\" data-widget_type=\"image-carousel.default\">\n\t\t\t\t<div class=\"elementor-widget-container\">\n\t\t\t\t\t\t\t<div class=\"elementor-image-carousel-wrapper swiper\" role=\"region\" aria-roledescription=\"carousel\" aria-label=\"Image Carousel\" dir=\"rtl\">\n\t\t\t<div class=\"elementor-image-carousel swiper-wrapper\" aria-live=\"off\">\n\t\t\t\t\t\t\t\t<div class=\"swiper-slide\" role=\"group\" aria-roledescription=\"slide\" aria-label=\"1 sur 1\"><a data-elementor-open-lightbox=\"yes\" data-elementor-lightbox-slideshow=\"1b432e6\" data-elementor-lightbox-description=\"Structure De Soins En  Alcoologie Et Structure De  Psychologie Medicale A Morancez Surface: 4300  m2\" data-e-action-hash=\"#elementor-action%3Aaction%3Dlightbox%26settings%3DeyJpZCI6NjI4LCJ1cmwiOiJodHRwczpcL1wvd3d3LmFlc2JldC5jb21cL3dwLWNvbnRlbnRcL3VwbG9hZHNcLzIwMjFcLzA1XC9CXHUwMGMyVElNRU5UUy1ERS1TQU5UXHUwMGM5LTA0LmpwZyIsInNsaWRlc2hvdyI6IjFiNDMyZTYifQ%3D%3D\"  href=\"https:\/\/www.aesbet.com\/wp-content\/uploads\/2021\/05\/B\u00c2TIMENTS-DE-SANT\u00c9-04.jpg\" data-rel=\"lightbox-gallery-0\" data-rl_title=\"\" data-rl_caption=\"Structure De Soins En  Alcoologie Et Structure De  Psychologie Medicale A Morancez Surface: 4300  m2\" title=\"\"><figure class=\"swiper-slide-inner\"><img decoding=\"async\" class=\"swiper-slide-image\" src=\"https:\/\/www.aesbet.com\/wp-content\/uploads\/2021\/05\/B\u00c2TIMENTS-DE-SANT\u00c9-04.jpg\" alt=\"\" \/><\/figure><\/a><\/div>\t\t\t<\/div>\n\t\t\t\t\t<\/div>\n\t\t\t\t\t\t<\/div>\n\t\t\t\t<\/div>\n\t\t\t\t<div class=\"elementor-element elementor-element-0a288b5 elementor-widget elementor-widget-heading\" data-id=\"0a288b5\" data-element_type=\"widget\" data-e-type=\"widget\" data-widget_type=\"heading.default\">\n\t\t\t\t<div class=\"elementor-widget-container\">\n\t\t\t\t\t<h2 class=\"elementor-heading-title elementor-size-default\">rose garden<\/h2>\t\t\t\t<\/div>\n\t\t\t\t<\/div>\n\t\t\t\t\t<\/div>\n\t\t<\/div>\n\t\t\t\t\t<\/div>\n\t\t<\/section>\n\t\t\t\t<section class=\"elementor-section elementor-top-section elementor-element elementor-element-430f937 elementor-section-boxed elementor-section-height-default elementor-section-height-default\" data-id=\"430f937\" data-element_type=\"section\" data-e-type=\"section\">\n\t\t\t\t\t\t<div class=\"elementor-container elementor-column-gap-default\">\n\t\t\t\t\t<div class=\"elementor-column elementor-col-33 elementor-top-column elementor-element elementor-element-215a109\" data-id=\"215a109\" data-element_type=\"column\" data-e-type=\"column\">\n\t\t\t<div class=\"elementor-widget-wrap elementor-element-populated\">\n\t\t\t\t\t\t<div class=\"elementor-element elementor-element-fd97d07 elementor-arrows-position-inside elementor-widget elementor-widget-image-carousel\" data-id=\"fd97d07\" data-element_type=\"widget\" data-e-type=\"widget\" data-settings=\"{&quot;slides_to_show&quot;:&quot;1&quot;,&quot;navigation&quot;:&quot;arrows&quot;,&quot;speed&quot;:1000,&quot;autoplay&quot;:&quot;yes&quot;,&quot;pause_on_hover&quot;:&quot;yes&quot;,&quot;pause_on_interaction&quot;:&quot;yes&quot;,&quot;autoplay_speed&quot;:5000,&quot;infinite&quot;:&quot;yes&quot;,&quot;effect&quot;:&quot;slide&quot;}\" data-widget_type=\"image-carousel.default\">\n\t\t\t\t<div class=\"elementor-widget-container\">\n\t\t\t\t\t\t\t<div class=\"elementor-image-carousel-wrapper swiper\" role=\"region\" aria-roledescription=\"carousel\" aria-label=\"Image Carousel\" dir=\"rtl\">\n\t\t\t<div class=\"elementor-image-carousel swiper-wrapper\" aria-live=\"off\">\n\t\t\t\t\t\t\t\t<div class=\"swiper-slide\" role=\"group\" aria-roledescription=\"slide\" aria-label=\"1 sur 1\"><a data-elementor-open-lightbox=\"yes\" data-elementor-lightbox-slideshow=\"fd97d07\" data-elementor-lightbox-description=\"Le b\u00e2timent IFSI est r\u00e9alis\u00e9 sur 3 niveaux du N0 au N3 avec un niveau toiture NT technique.\" data-e-action-hash=\"#elementor-action%3Aaction%3Dlightbox%26settings%3DeyJpZCI6MTAwOSwidXJsIjoiaHR0cHM6XC9cL3d3dy5hZXNiZXQuY29tXC93cC1jb250ZW50XC91cGxvYWRzXC8yMDI2XC8wM1wvSUZTSS0xLmpwZyIsInNsaWRlc2hvdyI6ImZkOTdkMDcifQ%3D%3D\"  href=\"https:\/\/www.aesbet.com\/wp-content\/uploads\/2026\/03\/IFSI-1.jpg\" data-rel=\"lightbox-gallery-0\" data-rl_title=\"\" data-rl_caption=\"Le b\u00e2timent IFSI est r\u00e9alis\u00e9 sur 3 niveaux du N0 au N3 avec un niveau toiture NT technique.\" title=\"\"><figure class=\"swiper-slide-inner\"><img decoding=\"async\" class=\"swiper-slide-image\" src=\"https:\/\/www.aesbet.com\/wp-content\/uploads\/2026\/03\/IFSI-1.jpg\" alt=\"\" \/><\/figure><\/a><\/div>\t\t\t<\/div>\n\t\t\t\t\t<\/div>\n\t\t\t\t\t\t<\/div>\n\t\t\t\t<\/div>\n\t\t\t\t<div class=\"elementor-element elementor-element-b72717b elementor-widget elementor-widget-heading\" data-id=\"b72717b\" data-element_type=\"widget\" data-e-type=\"widget\" data-widget_type=\"heading.default\">\n\t\t\t\t<div class=\"elementor-widget-container\">\n\t\t\t\t\t<h2 class=\"elementor-heading-title elementor-size-default\">IFSI (Institut de formation en soins infirmiers)<\/h2>\t\t\t\t<\/div>\n\t\t\t\t<\/div>\n\t\t\t\t\t<\/div>\n\t\t<\/div>\n\t\t\t\t<div class=\"elementor-column elementor-col-33 elementor-top-column elementor-element elementor-element-2225eb3\" data-id=\"2225eb3\" data-element_type=\"column\" data-e-type=\"column\">\n\t\t\t<div class=\"elementor-widget-wrap elementor-element-populated\">\n\t\t\t\t\t\t<div class=\"elementor-element elementor-element-dfdd540 elementor-arrows-position-inside elementor-widget elementor-widget-image-carousel\" data-id=\"dfdd540\" data-element_type=\"widget\" data-e-type=\"widget\" data-settings=\"{&quot;slides_to_show&quot;:&quot;1&quot;,&quot;navigation&quot;:&quot;arrows&quot;,&quot;speed&quot;:1000,&quot;autoplay&quot;:&quot;yes&quot;,&quot;pause_on_hover&quot;:&quot;yes&quot;,&quot;pause_on_interaction&quot;:&quot;yes&quot;,&quot;autoplay_speed&quot;:5000,&quot;infinite&quot;:&quot;yes&quot;,&quot;effect&quot;:&quot;slide&quot;}\" data-widget_type=\"image-carousel.default\">\n\t\t\t\t<div class=\"elementor-widget-container\">\n\t\t\t\t\t\t\t<div class=\"elementor-image-carousel-wrapper swiper\" role=\"region\" aria-roledescription=\"carousel\" aria-label=\"Image Carousel\" dir=\"rtl\">\n\t\t\t<div class=\"elementor-image-carousel swiper-wrapper\" aria-live=\"off\">\n\t\t\t\t\t\t\t\t<div class=\"swiper-slide\" role=\"group\" aria-roledescription=\"slide\" aria-label=\"1 sur 1\"><a data-elementor-open-lightbox=\"yes\" data-elementor-lightbox-slideshow=\"dfdd540\" data-elementor-lightbox-description=\"Structure De Soins En  Alcoologie Et Structure De  Psychologie Medicale A Morancez Surface: 4300  m2\" data-e-action-hash=\"#elementor-action%3Aaction%3Dlightbox%26settings%3DeyJpZCI6MTAxMSwidXJsIjoiaHR0cHM6XC9cL3d3dy5hZXNiZXQuY29tXC93cC1jb250ZW50XC91cGxvYWRzXC8yMDI2XC8wM1wvbW9yYW5jZXouanBnIiwic2xpZGVzaG93IjoiZGZkZDU0MCJ9\"  href=\"https:\/\/www.aesbet.com\/wp-content\/uploads\/2026\/03\/morancez.jpg\" data-rel=\"lightbox-gallery-0\" data-rl_title=\"\" data-rl_caption=\"Structure De Soins En  Alcoologie Et Structure De  Psychologie Medicale A Morancez Surface: 4300  m2\" title=\"\"><figure class=\"swiper-slide-inner\"><img decoding=\"async\" class=\"swiper-slide-image\" src=\"https:\/\/www.aesbet.com\/wp-content\/uploads\/2026\/03\/morancez.jpg\" alt=\"\" \/><\/figure><\/a><\/div>\t\t\t<\/div>\n\t\t\t\t\t<\/div>\n\t\t\t\t\t\t<\/div>\n\t\t\t\t<\/div>\n\t\t\t\t<div class=\"elementor-element elementor-element-901f425 elementor-widget elementor-widget-heading\" data-id=\"901f425\" data-element_type=\"widget\" data-e-type=\"widget\" data-widget_type=\"heading.default\">\n\t\t\t\t<div class=\"elementor-widget-container\">\n\t\t\t\t\t<h2 class=\"elementor-heading-title elementor-size-default\">Commune De Morancez-Centre Hospitalier Henri Ey<\/h2>\t\t\t\t<\/div>\n\t\t\t\t<\/div>\n\t\t\t\t\t<\/div>\n\t\t<\/div>\n\t\t\t\t<div class=\"elementor-column elementor-col-33 elementor-top-column elementor-element elementor-element-f1abd7f\" data-id=\"f1abd7f\" data-element_type=\"column\" data-e-type=\"column\">\n\t\t\t<div class=\"elementor-widget-wrap\">\n\t\t\t\t\t\t\t<\/div>\n\t\t<\/div>\n\t\t\t\t\t<\/div>\n\t\t<\/section>\n\t\t\t\t<section class=\"elementor-section elementor-top-section elementor-element elementor-element-327522b elementor-section-boxed elementor-section-height-default elementor-section-height-default\" data-id=\"327522b\" data-element_type=\"section\" data-e-type=\"section\">\n\t\t\t\t\t\t<div class=\"elementor-container elementor-column-gap-default\">\n\t\t\t\t\t<div class=\"elementor-column elementor-col-100 elementor-top-column elementor-element elementor-element-e7eddd0\" data-id=\"e7eddd0\" data-element_type=\"column\" data-e-type=\"column\">\n\t\t\t<div class=\"elementor-widget-wrap elementor-element-populated\">\n\t\t\t\t\t\t<div class=\"elementor-element elementor-element-5cd2147 elementor-widget__width-initial elementor-fixed elementor-align-right e-transform elementor-widget elementor-widget-button\" data-id=\"5cd2147\" data-element_type=\"widget\" data-e-type=\"widget\" data-settings=\"{&quot;_position&quot;:&quot;fixed&quot;,&quot;_transform_rotateZ_effect&quot;:{&quot;unit&quot;:&quot;px&quot;,&quot;size&quot;:90,&quot;sizes&quot;:[]},&quot;_transform_rotateZ_effect_tablet&quot;:{&quot;unit&quot;:&quot;deg&quot;,&quot;size&quot;:&quot;&quot;,&quot;sizes&quot;:[]},&quot;_transform_rotateZ_effect_mobile&quot;:{&quot;unit&quot;:&quot;deg&quot;,&quot;size&quot;:&quot;&quot;,&quot;sizes&quot;:[]}}\" data-widget_type=\"button.default\">\n\t\t\t\t<div class=\"elementor-widget-container\">\n\t\t\t\t\t\t\t\t\t<div class=\"elementor-button-wrapper\">\n\t\t\t\t\t<a class=\"elementor-button elementor-button-link elementor-size-sm elementor-animation-pulse\" href=\"https:\/\/www.aesbet.com\/en\/contact\/\">\n\t\t\t\t\t\t<span class=\"elementor-button-content-wrapper\">\n\t\t\t\t\t\t\t\t\t<span class=\"elementor-button-text\">Contact<\/span>\n\t\t\t\t\t<\/span>\n\t\t\t\t\t<\/a>\n\t\t\t\t<\/div>\n\t\t\t\t\t\t\t\t<\/div>\n\t\t\t\t<\/div>\n\t\t\t\t\t<\/div>\n\t\t<\/div>\n\t\t\t\t\t<\/div>\n\t\t<\/section>\n\t\t\t\t<\/div>","protected":false},"excerpt":{"rendered":"<p>B\u00e2timents De Sant\u00e9 Nos r\u00e9alisations\u00a0 B\u00c2TIMENTS DE SANT\u00c9 Nouvel h\u00f4pital de Meaux SMR Montvilliers Roseraie IFSI (Institut de formation en soins infirmiers) Commune De Morancez-Centre Hospitalier Henri Ey Contact<\/p>","protected":false},"author":1,"featured_media":0,"parent":0,"menu_order":0,"comment_status":"closed","ping_status":"closed","template":"","meta":{"footnotes":""},"class_list":["post-195","page","type-page","status-publish","hentry"],"_links":{"self":[{"href":"http:\/\/www.aesbet.com\/en\/wp-json\/wp\/v2\/pages\/195","targetHints":{"allow":["GET"]}}],"collection":[{"href":"http:\/\/www.aesbet.com\/en\/wp-json\/wp\/v2\/pages"}],"about":[{"href":"http:\/\/www.aesbet.com\/en\/wp-json\/wp\/v2\/types\/page"}],"author":[{"embeddable":true,"href":"http:\/\/www.aesbet.com\/en\/wp-json\/wp\/v2\/users\/1"}],"replies":[{"embeddable":true,"href":"http:\/\/www.aesbet.com\/en\/wp-json\/wp\/v2\/comments?post=195"}],"version-history":[{"count":45,"href":"http:\/\/www.aesbet.com\/en\/wp-json\/wp\/v2\/pages\/195\/revisions"}],"predecessor-version":[{"id":1325,"href":"http:\/\/www.aesbet.com\/en\/wp-json\/wp\/v2\/pages\/195\/revisions\/1325"}],"wp:attachment":[{"href":"http:\/\/www.aesbet.com\/en\/wp-json\/wp\/v2\/media?parent=195"}],"curies":[{"name":"wp","href":"https:\/\/api.w.org\/{rel}","templated":true}]}}